{"id":3013,"date":"2025-06-04T10:23:57","date_gmt":"2025-06-04T15:23:57","guid":{"rendered":"https:\/\/congresofenavi.com\/?page_id=3013"},"modified":"2025-06-12T10:32:06","modified_gmt":"2025-06-12T15:32:06","slug":"inscripciones","status":"publish","type":"page","link":"https:\/\/congresofenavi.com\/en\/inscripciones\/","title":{"rendered":"Registration"},"content":{"rendered":"<div data-elementor-type=\"wp-page\" data-elementor-id=\"3013\" class=\"elementor elementor-3013\">\n\t\t\t\t\t\t<section class=\"elementor-section elementor-top-section elementor-element elementor-element-353551d elementor-section-full_width elementor-section-height-min-height elementor-section-stretched elementor-section-height-default elementor-section-items-middle\" data-id=\"353551d\" data-element_type=\"section\" data-settings=\"{&quot;stretch_section&quot;:&quot;section-stretched&quot;,&quot;background_background&quot;:&quot;slideshow&quot;,&quot;background_slideshow_gallery&quot;:[{&quot;id&quot;:2513,&quot;url&quot;:&quot;https:\\\/\\\/congresofenavi.com\\\/wp-content\\\/uploads\\\/2024\\\/11\\\/DSC04986-scaled.webp&quot;},{&quot;id&quot;:2257,&quot;url&quot;:&quot;https:\\\/\\\/congresofenavi.com\\\/wp-content\\\/uploads\\\/2024\\\/10\\\/DSC04140-scaled.webp&quot;},{&quot;id&quot;:2253,&quot;url&quot;:&quot;https:\\\/\\\/congresofenavi.com\\\/wp-content\\\/uploads\\\/2024\\\/10\\\/DSC04145-scaled.webp&quot;},{&quot;id&quot;:2244,&quot;url&quot;:&quot;https:\\\/\\\/congresofenavi.com\\\/wp-content\\\/uploads\\\/2024\\\/10\\\/Congreso2024-D1-MC-31.jpg&quot;}],&quot;background_slideshow_loop&quot;:&quot;yes&quot;,&quot;background_slideshow_slide_duration&quot;:5000,&quot;background_slideshow_slide_transition&quot;:&quot;fade&quot;,&quot;background_slideshow_transition_duration&quot;:500}\">\n\t\t\t\t\t\t\t<div class=\"elementor-background-overlay\"><\/div>\n\t\t\t\t\t\t\t<div class=\"elementor-container elementor-column-gap-no\">\n\t\t\t\t\t<div class=\"elementor-column elementor-col-100 elementor-top-column elementor-element elementor-element-3e7faed\" data-id=\"3e7faed\" data-element_type=\"column\">\n\t\t\t<div class=\"elementor-widget-wrap elementor-element-populated\">\n\t\t\t\t\t\t<div class=\"elementor-element elementor-element-6e7778c elementor-widget elementor-widget-heading\" data-id=\"6e7778c\" data-element_type=\"widget\" data-widget_type=\"heading.default\">\n\t\t\t\t<div class=\"elementor-widget-container\">\n\t\t\t\t\t<h1 class=\"elementor-heading-title elementor-size-default\">Registration<\/h1>\t\t\t\t<\/div>\n\t\t\t\t<\/div>\n\t\t\t\t\t<\/div>\n\t\t<\/div>\n\t\t\t\t\t<\/div>\n\t\t<\/section>\n\t\t\t\t<section class=\"elementor-section elementor-top-section elementor-element elementor-element-738d99b8 elementor-section-boxed elementor-section-height-default elementor-section-height-default\" data-id=\"738d99b8\" data-element_type=\"section\">\n\t\t\t\t\t\t<div class=\"elementor-container elementor-column-gap-default\">\n\t\t\t\t\t<div class=\"elementor-column elementor-col-100 elementor-top-column elementor-element elementor-element-30d7bcfa\" data-id=\"30d7bcfa\" data-element_type=\"column\">\n\t\t\t<div class=\"elementor-widget-wrap elementor-element-populated\">\n\t\t\t\t\t\t<div class=\"elementor-element elementor-element-25732863 elementor-widget elementor-widget-text-editor\" data-id=\"25732863\" data-element_type=\"widget\" data-widget_type=\"text-editor.default\">\n\t\t\t\t<div class=\"elementor-widget-container\">\n\t\t\t\t\t\t\t\t\t<p>More than 4,000 people interested in poultry farming will enjoy the Congress, which will bring together poultry farmers, industry suppliers, directors of government entities, politicians, journalists, international guests and lovers of one of the most important industries for the country.<\/p>\t\t\t\t\t\t\t\t<\/div>\n\t\t\t\t<\/div>\n\t\t\t\t\t<\/div>\n\t\t<\/div>\n\t\t\t\t\t<\/div>\n\t\t<\/section>\n\t\t\t\t<section class=\"elementor-section elementor-top-section elementor-element elementor-element-6ca714bd elementor-section-boxed elementor-section-height-default elementor-section-height-default\" data-id=\"6ca714bd\" data-element_type=\"section\">\n\t\t\t\t\t\t<div class=\"elementor-container elementor-column-gap-no\">\n\t\t\t\t\t<div class=\"elementor-column elementor-col-100 elementor-top-column elementor-element elementor-element-1a899877\" data-id=\"1a899877\" data-element_type=\"column\">\n\t\t\t<div class=\"elementor-widget-wrap elementor-element-populated\">\n\t\t\t\t\t\t<div class=\"elementor-element elementor-element-3d301823 elementor-widget elementor-widget-heading\" data-id=\"3d301823\" data-element_type=\"widget\" data-widget_type=\"heading.default\">\n\t\t\t\t<div class=\"elementor-widget-container\">\n\t\t\t\t\t<h2 class=\"elementor-heading-title elementor-size-default\">VALUE OF INSCRIPTIONS<\/h2>\t\t\t\t<\/div>\n\t\t\t\t<\/div>\n\t\t\t\t<div class=\"elementor-element elementor-element-1c249091 elementor-widget elementor-widget-text-editor\" data-id=\"1c249091\" data-element_type=\"widget\" data-widget_type=\"text-editor.default\">\n\t\t\t\t<div class=\"elementor-widget-container\">\n\t\t\t\t\t\t\t\t\t<p>Values before IVA<\/p>\t\t\t\t\t\t\t\t<\/div>\n\t\t\t\t<\/div>\n\t\t\t\t\t<\/div>\n\t\t<\/div>\n\t\t\t\t\t<\/div>\n\t\t<\/section>\n\t\t\t\t<section class=\"elementor-section elementor-top-section elementor-element elementor-element-1d0381b2 elementor-section-boxed elementor-section-height-default elementor-section-height-default\" data-id=\"1d0381b2\" data-element_type=\"section\">\n\t\t\t\t\t\t<div class=\"elementor-container elementor-column-gap-no\">\n\t\t\t\t\t<div class=\"elementor-column elementor-col-100 elementor-top-column elementor-element elementor-element-15c43f51\" data-id=\"15c43f51\" data-element_type=\"column\">\n\t\t\t<div class=\"elementor-widget-wrap elementor-element-populated\">\n\t\t\t\t\t\t<div class=\"elementor-element elementor-element-a974607 elementor-widget elementor-widget-html\" data-id=\"a974607\" data-element_type=\"widget\" data-widget_type=\"html.default\">\n\t\t\t\t<div class=\"elementor-widget-container\">\n\t\t\t\t\t<style>\r\n  .tabla-inscripciones {\r\n    width: 100%;\r\n    border-collapse: collapse;\r\n    font-family: Arial, sans-serif;\r\n    text-align: center;\r\n    color: #fff;\r\n  }\r\n\r\n  .tabla-inscripciones th, .tabla-inscripciones td {\r\n    border: 1px solid #ffffff;\r\n    padding: 12px;\r\n  }\r\n\r\n  .tabla-inscripciones .header-columna-1 {\r\n    background-color: #041182;\r\n    font-weight: bold;\r\n  }\r\n\r\n  .tabla-inscripciones .header-columna-2 {\r\n    background-color: #FFA300;\r\n    color: #000;\r\n    font-weight: bold;\r\n  }\r\n\r\n  .tabla-inscripciones .header-columna-3,\r\n  .tabla-inscripciones .celeste {\r\n    background-color: #A0C4EB;\r\n    color: #041182;\r\n    font-weight: bold;\r\n  }\r\n\r\n  .tabla-inscripciones .header-columna-4,\r\n  .tabla-inscripciones .verde {\r\n    background-color: #B4D8B6;\r\n    color: #041182;\r\n    font-weight: bold;\r\n  }\r\n\r\n  .tabla-inscripciones .header-columna-5,\r\n  .tabla-inscripciones .rojo {\r\n    background-color: #E60032;\r\n    font-weight: bold;\r\n  }\r\n\r\n  .tabla-inscripciones .azul {\r\n    background-color: #041182;\r\n    font-weight: bold;\r\n  }\r\n\r\n  .tabla-inscripciones .amarillo {\r\n    background-color: #FFA300;\r\n    color: #000;\r\n    font-weight: bold;\r\n  }\r\n\r\n  .tabla-inscripciones a {\r\n    color: inherit;\r\n    font-weight: bold;\r\n    text-decoration: underline;\r\n  }\r\n   \/* ... todo tu CSS anterior ... *\/\r\n\r\n  \/* Aumentar tama\u00f1o de fuente en m\u00f3viles *\/\r\n  @media (max-width: 768px) {\r\n    .tabla-inscripciones {\r\n      font-size: 10px; \/* Puedes ajustar el tama\u00f1o *\/\r\n    }\r\n\r\n    .tabla-inscripciones th,\r\n    .tabla-inscripciones td {\r\n      padding: 8px; \/* Tambi\u00e9n puedes aumentar si deseas m\u00e1s espacio *\/\r\n    }\r\n  }\r\n  .contenedor-tabla {\r\n  overflow-x: auto;\r\n  padding-left: 10px;\r\n  padding-right: 10px;\r\n}\r\n\r\n@media (max-width: 768px) {\r\n  .contenedor-tabla {\r\n    padding-left: 12px;\r\n    padding-right: 12px;\r\n  }\r\n}\r\n.fecha-final {\r\n  color: red; \/* Puedes cambiar a cualquier color *\/\r\n  font-weight: bold; \/* Opcional *\/\r\n}\r\n\r\n<\/style>\r\n\r\n<div class=\"contenedor-tabla\">\r\n  <table class=\"tabla-inscripciones\">\r\n    <!-- todo tu contenido -->\r\n  <\/table>\r\n<\/div>\r\n\r\n\r\n<table class=\"tabla-inscripciones\">\r\n  <tr>\r\n    <th class=\"header-columna-1\">TYPE OF REGISTRATION<\/th>\r\n    <th class=\"header-columna-2\">YEAR 2025<br>TO <a href=\"#\">25 DICIEMBRE<\/a><\/th>\r\n    <th class=\"header-columna-3\">YEAR 2026<br>FROM <a href=\"#\">JANUARY 01<\/a><br>TO MARCH 31<\/th>\r\n    <th class=\"header-columna-4\">YEAR 2026<br>FROM 01 APRIL<br>TO <span class=\"fecha-final\"> 23 AGOSTO 2026 <\/span><\/th>\r\n    <th class=\"header-columna-5\">YEAR 2026<br>ON SITE<\/th>\r\n  <\/tr>\r\n  <tr>\r\n    <td class=\"azul\">Affiliates registrations.<\/td>\r\n    <td class=\"amarillo\">$1.500.000<\/td>\r\n    <td class=\"celeste\">$1.700.000<\/td>\r\n    <td class=\"verde\">$1.800.000<\/td>\r\n    <td class=\"rojo\">$2.300.000<\/td>\r\n  <\/tr>\r\n  <tr>\r\n    <td class=\"azul\">Non-affiliated registrations.<\/td>\r\n    <td class=\"amarillo\">$1.700.000<\/td>\r\n    <td class=\"celeste\">$1.900.000<\/td>\r\n    <td class=\"verde\">$2.000.000<\/td>\r\n    <td class=\"rojo\">$2.300.000<\/td>\r\n  <\/tr>\r\n  <tr>\r\n    <td class=\"azul\">Commercial sample 01 day.<\/td>\r\n    <td colspan=\"4\" class=\"amarillo\">$700.000<\/td>\r\n  <\/tr>\r\n  <tr>\r\n    <td class=\"azul\">Student<\/td>\r\n    <td colspan=\"4\" class=\"amarillo\">$500.000<\/td>\r\n  <\/tr>\r\n<\/table>\r\n\t\t\t\t<\/div>\n\t\t\t\t<\/div>\n\t\t\t\t<div class=\"elementor-element elementor-element-46e9c0e6 elementor-widget elementor-widget-text-editor\" data-id=\"46e9c0e6\" data-element_type=\"widget\" data-widget_type=\"text-editor.default\">\n\t\t\t\t<div class=\"elementor-widget-container\">\n\t\t\t\t\t\t\t\t\t<p data-start=\"148\" data-end=\"160\"><strong data-start=\"148\" data-end=\"158\">important notes<\/strong><\/p><ul data-start=\"161\" data-end=\"330\"><li data-start=\"161\" data-end=\"245\"><p data-start=\"163\" data-end=\"245\">Groups from <strong data-start=\"182\" data-end=\"196\">6 persons<\/strong> obtain a <strong data-start=\"209\" data-end=\"229\">5% discount<\/strong> before IVA<\/p><\/li><li data-start=\"246\" data-end=\"330\"><p data-start=\"248\" data-end=\"330\">Groups from <strong data-start=\"267\" data-end=\"282\">11 people<\/strong> obtain a <strong data-start=\"295\" data-end=\"316\">10% discount<\/strong> before IVA<\/p><\/li><li data-start=\"246\" data-end=\"330\">Tenga en cuenta que los anteriores descuentos s\u00f3lo aplican para Inscripciones de Participantes Plenos Derechos (Afiliados y No afiliados).<\/li><li data-start=\"246\" data-end=\"330\"><strong>Los descuentos por grupos<\/strong> se aplican \u00fanicamente sobre <strong>la tarifa vigente al momento del pago,<\/strong> no del registro. Si el registro se realiza dentro de una vigencia, pero el pago se efect\u00faa despu\u00e9s del cierre de esa fecha, se deber\u00e1 cancelar el valor correspondiente a la nueva tarifa vigente.<\/li><li data-start=\"246\" data-end=\"330\">Las inscripciones adquiridas <strong>no son reembolsables bajo ninguna circunstancia.<\/strong><\/li><\/ul>\t\t\t\t\t\t\t\t<\/div>\n\t\t\t\t<\/div>\n\t\t\t\t\t<\/div>\n\t\t<\/div>\n\t\t\t\t\t<\/div>\n\t\t<\/section>\n\t\t\t\t<section class=\"elementor-section elementor-top-section elementor-element elementor-element-6ae5e1fd elementor-section-boxed elementor-section-height-default elementor-section-height-default\" data-id=\"6ae5e1fd\" data-element_type=\"section\">\n\t\t\t\t\t\t<div class=\"elementor-container elementor-column-gap-default\">\n\t\t\t\t\t<div class=\"elementor-column elementor-col-100 elementor-top-column elementor-element elementor-element-3e14e6fe\" data-id=\"3e14e6fe\" data-element_type=\"column\">\n\t\t\t<div class=\"elementor-widget-wrap elementor-element-populated\">\n\t\t\t\t\t\t<div class=\"elementor-element elementor-element-386b794f elementor-invisible elementor-widget elementor-widget-heading\" data-id=\"386b794f\" data-element_type=\"widget\" data-settings=\"{&quot;_animation&quot;:&quot;fadeInDown&quot;}\" data-widget_type=\"heading.default\">\n\t\t\t\t<div class=\"elementor-widget-container\">\n\t\t\t\t\t<h2 class=\"elementor-heading-title elementor-size-default\">Categories include the following:<\/h2>\t\t\t\t<\/div>\n\t\t\t\t<\/div>\n\t\t\t\t<div class=\"elementor-element elementor-element-1f413025 elementor-widget elementor-widget-heading\" data-id=\"1f413025\" data-element_type=\"widget\" data-widget_type=\"heading.default\">\n\t\t\t\t<div class=\"elementor-widget-container\">\n\t\t\t\t\t<h2 class=\"elementor-heading-title elementor-size-default\">RATES<\/h2>\t\t\t\t<\/div>\n\t\t\t\t<\/div>\n\t\t\t\t<div class=\"elementor-element elementor-element-78667e71 elementor-widget elementor-widget-text-editor\" data-id=\"78667e71\" data-element_type=\"widget\" data-widget_type=\"text-editor.default\">\n\t\t\t\t<div class=\"elementor-widget-container\">\n\t\t\t\t\t\t\t\t\t<p data-start=\"110\" data-end=\"213\">We have a rate designed to fit the needs of each of our attendees and with discounts for groups.<\/p><p data-start=\"215\" data-end=\"354\"><strong data-start=\"215\" data-end=\"273\">Full Participant (Affiliate and Non-Affiliate):<\/strong><br data-start=\"273\" data-end=\"276\" \/>Academic agenda, trade show, social events, food and briefcase.<\/p><p data-start=\"356\" data-end=\"434\"><strong data-start=\"356\" data-end=\"388\">Visitor Trade Show:<\/strong><br data-start=\"388\" data-end=\"391\" \/>Only includes visit to the trade show. Purchase per day.<\/p><p data-start=\"436\" data-end=\"593\"><strong data-start=\"436\" data-end=\"457\">Please note:<\/strong> The case, material and food will be available while supplies last. Admission to the party will be by prior confirmation.<\/p>\t\t\t\t\t\t\t\t<\/div>\n\t\t\t\t<\/div>\n\t\t\t\t<div class=\"elementor-element elementor-element-6ab8cfc elementor-align-center elementor-widget elementor-widget-button\" data-id=\"6ab8cfc\" data-element_type=\"widget\" data-widget_type=\"button.default\">\n\t\t\t\t<div class=\"elementor-widget-container\">\n\t\t\t\t\t\t\t\t\t<div class=\"elementor-button-wrapper\">\n\t\t\t\t\t<a class=\"elementor-button elementor-button-link elementor-size-sm\" href=\"https:\/\/registro.aplicacionesincontacto.com\/#\/landingpage\/event\/682656d1c5c6f1daec04070a\" target=\"_blank\">\n\t\t\t\t\t\t<span class=\"elementor-button-content-wrapper\">\n\t\t\t\t\t\t<span class=\"elementor-button-icon\">\n\t\t\t\t<svg aria-hidden=\"true\" class=\"e-font-icon-svg e-far-arrow-alt-circle-right\" viewbox=\"0 0 512 512\" xmlns=\"http:\/\/www.w3.org\/2000\/svg\"><path d=\"M504 256C504 119 393 8 256 8S8 119 8 256s111 248 248 248 248-111 248-248zm-448 0c0-110.5 89.5-200 200-200s200 89.5 200 200-89.5 200-200 200S56 366.5 56 256zm72 20v-40c0-6.6 5.4-12 12-12h116v-67c0-10.7 12.9-16 20.5-8.5l99 99c4.7 4.7 4.7 12.3 0 17l-99 99c-7.6 7.6-20.5 2.2-20.5-8.5v-67H140c-6.6 0-12-5.4-12-12z\"><\/path><\/svg>\t\t\t<\/span>\n\t\t\t\t\t\t\t\t\t<span class=\"elementor-button-text\">REGISTRATION<\/span>\n\t\t\t\t\t<\/span>\n\t\t\t\t\t<\/a>\n\t\t\t\t<\/div>\n\t\t\t\t\t\t\t\t<\/div>\n\t\t\t\t<\/div>\n\t\t\t\t\t<\/div>\n\t\t<\/div>\n\t\t\t\t\t<\/div>\n\t\t<\/section>\n\t\t\t\t<\/div>","protected":false},"excerpt":{"rendered":"<p>Inscripciones M\u00e1s de 4.000 personas interesadas en la avicultura disfrutar\u00e1n del Congreso que reunir\u00e1 a avicultores, proveedores de la industria, directores de entidades gubernamentales, pol\u00edticos, periodistas, invitados internacionales y amantes de una de las industrias m\u00e1s importantes\u00a0para\u00a0el\u00a0pa\u00eds. VALOR INSCRIPCIONES Valores antes del IVA TIPO DE INSCRIPCI\u00d3N A\u00d1O 2025HASTA 25 DICIEMBRE A\u00d1O 2026DE 01 ENEROA 31 [&hellip;]<\/p>","protected":false},"author":2,"featured_media":0,"parent":0,"menu_order":0,"comment_status":"closed","ping_status":"closed","template":"","meta":{"footnotes":""},"class_list":["post-3013","page","type-page","status-publish","hentry"],"_links":{"self":[{"href":"https:\/\/congresofenavi.com\/en\/wp-json\/wp\/v2\/pages\/3013","targetHints":{"allow":["GET"]}}],"collection":[{"href":"https:\/\/congresofenavi.com\/en\/wp-json\/wp\/v2\/pages"}],"about":[{"href":"https:\/\/congresofenavi.com\/en\/wp-json\/wp\/v2\/types\/page"}],"author":[{"embeddable":true,"href":"https:\/\/congresofenavi.com\/en\/wp-json\/wp\/v2\/users\/2"}],"replies":[{"embeddable":true,"href":"https:\/\/congresofenavi.com\/en\/wp-json\/wp\/v2\/comments?post=3013"}],"version-history":[{"count":19,"href":"https:\/\/congresofenavi.com\/en\/wp-json\/wp\/v2\/pages\/3013\/revisions"}],"predecessor-version":[{"id":3105,"href":"https:\/\/congresofenavi.com\/en\/wp-json\/wp\/v2\/pages\/3013\/revisions\/3105"}],"wp:attachment":[{"href":"https:\/\/congresofenavi.com\/en\/wp-json\/wp\/v2\/media?parent=3013"}],"curies":[{"name":"wp","href":"https:\/\/api.w.org\/{rel}","templated":true}]}}