{"id":2366,"date":"2024-10-23T13:06:18","date_gmt":"2024-10-23T18:06:18","guid":{"rendered":"https:\/\/congresofenavi.com\/?page_id=2366"},"modified":"2024-11-08T19:51:23","modified_gmt":"2024-11-09T00:51:23","slug":"asistentes","status":"publish","type":"page","link":"https:\/\/congresofenavi.com\/en\/asistentes\/","title":{"rendered":"Assistants"},"content":{"rendered":"<div data-elementor-type=\"wp-page\" data-elementor-id=\"2366\" class=\"elementor elementor-2366\">\n\t\t\t\t\t\t<section class=\"elementor-section elementor-top-section elementor-element elementor-element-1b310f3 elementor-section-full_width elementor-section-height-min-height elementor-section-stretched elementor-section-height-default elementor-section-items-middle\" data-id=\"1b310f3\" data-element_type=\"section\" data-e-type=\"section\" data-settings=\"{&quot;stretch_section&quot;:&quot;section-stretched&quot;,&quot;background_background&quot;:&quot;slideshow&quot;,&quot;background_slideshow_gallery&quot;:[{&quot;id&quot;:2257,&quot;url&quot;:&quot;https:\\\/\\\/congresofenavi.com\\\/wp-content\\\/uploads\\\/2024\\\/10\\\/DSC04140-scaled.webp&quot;},{&quot;id&quot;:2256,&quot;url&quot;:&quot;https:\\\/\\\/congresofenavi.com\\\/wp-content\\\/uploads\\\/2024\\\/10\\\/DSC04141-scaled.webp&quot;},{&quot;id&quot;:2250,&quot;url&quot;:&quot;https:\\\/\\\/congresofenavi.com\\\/wp-content\\\/uploads\\\/2024\\\/10\\\/DSC04149-scaled.webp&quot;},{&quot;id&quot;:2244,&quot;url&quot;:&quot;https:\\\/\\\/congresofenavi.com\\\/wp-content\\\/uploads\\\/2024\\\/10\\\/Congreso2024-D1-MC-31.jpg&quot;}],&quot;background_slideshow_loop&quot;:&quot;yes&quot;,&quot;background_slideshow_slide_duration&quot;:5000,&quot;background_slideshow_slide_transition&quot;:&quot;fade&quot;,&quot;background_slideshow_transition_duration&quot;:500}\">\n\t\t\t\t\t\t\t<div class=\"elementor-background-overlay\"><\/div>\n\t\t\t\t\t\t\t<div class=\"elementor-container elementor-column-gap-no\">\n\t\t\t\t\t<div class=\"elementor-column elementor-col-100 elementor-top-column elementor-element elementor-element-a615217\" data-id=\"a615217\" data-element_type=\"column\" data-e-type=\"column\">\n\t\t\t<div class=\"elementor-widget-wrap elementor-element-populated\">\n\t\t\t\t\t\t<div class=\"elementor-element elementor-element-cc24622 elementor-widget elementor-widget-heading\" data-id=\"cc24622\" data-element_type=\"widget\" data-e-type=\"widget\" data-widget_type=\"heading.default\">\n\t\t\t\t<div class=\"elementor-widget-container\">\n\t\t\t\t\t<h1 class=\"elementor-heading-title elementor-size-default\">Assistants<\/h1>\t\t\t\t<\/div>\n\t\t\t\t<\/div>\n\t\t\t\t\t<\/div>\n\t\t<\/div>\n\t\t\t\t\t<\/div>\n\t\t<\/section>\n\t\t\t\t<section class=\"elementor-section elementor-top-section elementor-element elementor-element-185db80 elementor-section-boxed elementor-section-height-default elementor-section-height-default\" data-id=\"185db80\" data-element_type=\"section\" data-e-type=\"section\">\n\t\t\t\t\t\t<div class=\"elementor-container elementor-column-gap-default\">\n\t\t\t\t\t<div class=\"elementor-column elementor-col-100 elementor-top-column elementor-element elementor-element-a3426d0\" data-id=\"a3426d0\" data-element_type=\"column\" data-e-type=\"column\">\n\t\t\t<div class=\"elementor-widget-wrap elementor-element-populated\">\n\t\t\t\t\t\t<div class=\"elementor-element elementor-element-a3dd580 animated-slow elementor-invisible elementor-widget elementor-widget-heading\" data-id=\"a3dd580\" data-element_type=\"widget\" data-e-type=\"widget\" data-settings=\"{&quot;_animation&quot;:&quot;fadeInLeft&quot;}\" data-widget_type=\"heading.default\">\n\t\t\t\t<div class=\"elementor-widget-container\">\n\t\t\t\t\t<h3 class=\"elementor-heading-title elementor-size-default\">Why attend the Fenavi Congress?<\/h3>\t\t\t\t<\/div>\n\t\t\t\t<\/div>\n\t\t\t\t<div class=\"elementor-element elementor-element-ce92a2d elementor-widget elementor-widget-text-editor\" data-id=\"ce92a2d\" data-element_type=\"widget\" data-e-type=\"widget\" data-widget_type=\"text-editor.default\">\n\t\t\t\t<div class=\"elementor-widget-container\">\n\t\t\t\t\t\t\t\t\t<p>The Fenavi Congress reaches its 22nd edition, becoming a traditional space in the agenda of events in the poultry world and attracting people interested in poultry farming, industry suppliers, collaborators of government entities, health professionals, journalists and international guests.<\/p><p><strong>\u00a0<\/strong><\/p><p>This great poultry sector event generates conversations around the most relevant topics for the industry, both from a technical and business perspective. Attending the Fenavi Congress allows you to establish relationships, find new suppliers and vendors, and connect with your colleagues in one place at one time.<\/p>\t\t\t\t\t\t\t\t<\/div>\n\t\t\t\t<\/div>\n\t\t\t\t\t<\/div>\n\t\t<\/div>\n\t\t\t\t\t<\/div>\n\t\t<\/section>\n\t\t\t\t<section class=\"elementor-section elementor-top-section elementor-element elementor-element-9ea5d02 elementor-section-boxed elementor-section-height-default elementor-section-height-default\" data-id=\"9ea5d02\" data-element_type=\"section\" data-e-type=\"section\">\n\t\t\t\t\t\t<div class=\"elementor-container elementor-column-gap-default\">\n\t\t\t\t\t<div class=\"elementor-column elementor-col-33 elementor-top-column elementor-element elementor-element-cdbbe4b\" data-id=\"cdbbe4b\" data-element_type=\"column\" data-e-type=\"column\">\n\t\t\t<div class=\"elementor-widget-wrap elementor-element-populated\">\n\t\t\t\t\t\t<div class=\"elementor-element elementor-element-6c66ec7 elementor-position-top elementor-widget elementor-widget-image-box\" data-id=\"6c66ec7\" data-element_type=\"widget\" data-e-type=\"widget\" data-widget_type=\"image-box.default\">\n\t\t\t\t<div class=\"elementor-widget-container\">\n\t\t\t\t\t<div class=\"elementor-image-box-wrapper\"><figure class=\"elementor-image-box-img\"><img fetchpriority=\"high\" decoding=\"async\" width=\"1024\" height=\"683\" src=\"https:\/\/congresofenavi.com\/wp-content\/uploads\/2024\/11\/bCongresoFenavi2IMG_8425-1024x683-1.jpg\" class=\"attachment-full size-full wp-image-2571\" alt=\"\" srcset=\"https:\/\/congresofenavi.com\/wp-content\/uploads\/2024\/11\/bCongresoFenavi2IMG_8425-1024x683-1.jpg 1024w, https:\/\/congresofenavi.com\/wp-content\/uploads\/2024\/11\/bCongresoFenavi2IMG_8425-1024x683-1-300x200.jpg 300w, https:\/\/congresofenavi.com\/wp-content\/uploads\/2024\/11\/bCongresoFenavi2IMG_8425-1024x683-1-768x512.jpg 768w, https:\/\/congresofenavi.com\/wp-content\/uploads\/2024\/11\/bCongresoFenavi2IMG_8425-1024x683-1-18x12.jpg 18w\" sizes=\"(max-width: 1024px) 100vw, 1024px\" \/><\/figure><div class=\"elementor-image-box-content\"><h3 class=\"elementor-image-box-title\">More than 40 speakers in a single event<\/h3><p class=\"elementor-image-box-description\">Attendees will participate in a robust academic agenda that Fenavi is preparing and which will address current issues in poultry farming such as Incubaforum, Health, Nutrition, Sustainability and trade aspects; where the role it plays in the economy and society will also be part of the agenda.<\/p><\/div><\/div>\t\t\t\t<\/div>\n\t\t\t\t<\/div>\n\t\t\t\t\t<\/div>\n\t\t<\/div>\n\t\t\t\t<div class=\"elementor-column elementor-col-33 elementor-top-column elementor-element elementor-element-5c8885f\" data-id=\"5c8885f\" data-element_type=\"column\" data-e-type=\"column\">\n\t\t\t<div class=\"elementor-widget-wrap elementor-element-populated\">\n\t\t\t\t\t\t<div class=\"elementor-element elementor-element-5b4334d elementor-position-top elementor-widget elementor-widget-image-box\" data-id=\"5b4334d\" data-element_type=\"widget\" data-e-type=\"widget\" data-widget_type=\"image-box.default\">\n\t\t\t\t<div class=\"elementor-widget-container\">\n\t\t\t\t\t<div class=\"elementor-image-box-wrapper\"><figure class=\"elementor-image-box-img\"><img decoding=\"async\" width=\"2560\" height=\"1707\" src=\"https:\/\/congresofenavi.com\/wp-content\/uploads\/2024\/10\/DSC04141-scaled.webp\" class=\"attachment-full size-full wp-image-2256\" alt=\"\" srcset=\"https:\/\/congresofenavi.com\/wp-content\/uploads\/2024\/10\/DSC04141-scaled.webp 2560w, https:\/\/congresofenavi.com\/wp-content\/uploads\/2024\/10\/DSC04141-300x200.webp 300w, https:\/\/congresofenavi.com\/wp-content\/uploads\/2024\/10\/DSC04141-1024x683.webp 1024w, https:\/\/congresofenavi.com\/wp-content\/uploads\/2024\/10\/DSC04141-768x512.webp 768w, https:\/\/congresofenavi.com\/wp-content\/uploads\/2024\/10\/DSC04141-1536x1024.webp 1536w, https:\/\/congresofenavi.com\/wp-content\/uploads\/2024\/10\/DSC04141-2048x1365.webp 2048w\" sizes=\"(max-width: 2560px) 100vw, 2560px\" \/><\/figure><div class=\"elementor-image-box-content\"><h3 class=\"elementor-image-box-title\">An unprecedented trade show<\/h3><p class=\"elementor-image-box-description\">More than 200 exhibitors will present the latest technological advances, trends in the poultry market, the actions being developed in this field and the advantages of this industry, making it the ideal scenario to strengthen business contacts. Likewise, the Congress will have 2,000 mt2 to present machinery and equipment. <\/p><\/div><\/div>\t\t\t\t<\/div>\n\t\t\t\t<\/div>\n\t\t\t\t\t<\/div>\n\t\t<\/div>\n\t\t\t\t<div class=\"elementor-column elementor-col-33 elementor-top-column elementor-element elementor-element-822fbb0\" data-id=\"822fbb0\" data-element_type=\"column\" data-e-type=\"column\">\n\t\t\t<div class=\"elementor-widget-wrap elementor-element-populated\">\n\t\t\t\t\t\t<div class=\"elementor-element elementor-element-f2eb0a5 elementor-position-top elementor-widget elementor-widget-image-box\" data-id=\"f2eb0a5\" data-element_type=\"widget\" data-e-type=\"widget\" data-widget_type=\"image-box.default\">\n\t\t\t\t<div class=\"elementor-widget-container\">\n\t\t\t\t\t<div class=\"elementor-image-box-wrapper\"><figure class=\"elementor-image-box-img\"><img decoding=\"async\" width=\"1024\" height=\"683\" src=\"https:\/\/congresofenavi.com\/wp-content\/uploads\/2024\/11\/bCongreso-Fenavi-IMG_7806-1024x683-1.jpg\" class=\"attachment-full size-full wp-image-2570\" alt=\"\" srcset=\"https:\/\/congresofenavi.com\/wp-content\/uploads\/2024\/11\/bCongreso-Fenavi-IMG_7806-1024x683-1.jpg 1024w, https:\/\/congresofenavi.com\/wp-content\/uploads\/2024\/11\/bCongreso-Fenavi-IMG_7806-1024x683-1-300x200.jpg 300w, https:\/\/congresofenavi.com\/wp-content\/uploads\/2024\/11\/bCongreso-Fenavi-IMG_7806-1024x683-1-768x512.jpg 768w, https:\/\/congresofenavi.com\/wp-content\/uploads\/2024\/11\/bCongreso-Fenavi-IMG_7806-1024x683-1-18x12.jpg 18w\" sizes=\"(max-width: 1024px) 100vw, 1024px\" \/><\/figure><div class=\"elementor-image-box-content\"><h3 class=\"elementor-image-box-title\">An increasingly global audience<\/h3><p class=\"elementor-image-box-description\">The Fenavi Congress welcomes an increasingly global audience, while showcasing the latest technological advances, trends in the poultry market, the actions being developed in this field and the advantages of this industry.<\/p><\/div><\/div>\t\t\t\t<\/div>\n\t\t\t\t<\/div>\n\t\t\t\t\t<\/div>\n\t\t<\/div>\n\t\t\t\t\t<\/div>\n\t\t<\/section>\n\t\t\t\t<section class=\"elementor-section elementor-top-section elementor-element elementor-element-8e0184f elementor-hidden-desktop elementor-hidden-tablet elementor-hidden-mobile elementor-section-boxed elementor-section-height-default elementor-section-height-default\" data-id=\"8e0184f\" data-element_type=\"section\" data-e-type=\"section\">\n\t\t\t\t\t\t<div class=\"elementor-container elementor-column-gap-default\">\n\t\t\t\t\t<div class=\"elementor-column elementor-col-100 elementor-top-column elementor-element elementor-element-83ef043\" data-id=\"83ef043\" data-element_type=\"column\" data-e-type=\"column\">\n\t\t\t<div class=\"elementor-widget-wrap elementor-element-populated\">\n\t\t\t\t\t\t<div class=\"elementor-element elementor-element-d7f78b9 gallery-spacing-custom elementor-widget elementor-widget-image-gallery\" data-id=\"d7f78b9\" data-element_type=\"widget\" data-e-type=\"widget\" data-widget_type=\"image-gallery.default\">\n\t\t\t\t<div class=\"elementor-widget-container\">\n\t\t\t\t\t\t\t<div class=\"elementor-image-gallery\">\n\t\t\t<div id='gallery-1' class='gallery galleryid-2366 gallery-columns-3 gallery-size-medium'><figure class='gallery-item'>\n\t\t\t<div class='gallery-icon landscape'>\n\t\t\t\t<a data-elementor-open-lightbox=\"yes\" data-elementor-lightbox-slideshow=\"d7f78b9\" data-elementor-lightbox-title=\"DSC04986\" data-e-action-hash=\"#elementor-action%3Aaction%3Dlightbox%26settings%3DeyJpZCI6MjUxMywidXJsIjoiaHR0cHM6XC9cL2NvbmdyZXNvZmVuYXZpLmNvbVwvd3AtY29udGVudFwvdXBsb2Fkc1wvMjAyNFwvMTFcL0RTQzA0OTg2LXNjYWxlZC53ZWJwIiwic2xpZGVzaG93IjoiZDdmNzhiOSJ9\" href='https:\/\/congresofenavi.com\/wp-content\/uploads\/2024\/11\/DSC04986-scaled.webp'><img loading=\"lazy\" decoding=\"async\" width=\"300\" height=\"200\" src=\"https:\/\/congresofenavi.com\/wp-content\/uploads\/2024\/11\/DSC04986-300x200.webp\" class=\"attachment-medium size-medium\" alt=\"\" srcset=\"https:\/\/congresofenavi.com\/wp-content\/uploads\/2024\/11\/DSC04986-300x200.webp 300w, https:\/\/congresofenavi.com\/wp-content\/uploads\/2024\/11\/DSC04986-1024x683.webp 1024w, https:\/\/congresofenavi.com\/wp-content\/uploads\/2024\/11\/DSC04986-768x512.webp 768w, https:\/\/congresofenavi.com\/wp-content\/uploads\/2024\/11\/DSC04986-1536x1024.webp 1536w, https:\/\/congresofenavi.com\/wp-content\/uploads\/2024\/11\/DSC04986-2048x1365.webp 2048w, https:\/\/congresofenavi.com\/wp-content\/uploads\/2024\/11\/DSC04986-18x12.webp 18w\" sizes=\"(max-width: 300px) 100vw, 300px\" \/><\/a>\n\t\t\t<\/div><\/figure><figure class='gallery-item'>\n\t\t\t<div class='gallery-icon landscape'>\n\t\t\t\t<a data-elementor-open-lightbox=\"yes\" data-elementor-lightbox-slideshow=\"d7f78b9\" data-elementor-lightbox-title=\"DSC04984\" data-e-action-hash=\"#elementor-action%3Aaction%3Dlightbox%26settings%3DeyJpZCI6MjUxNSwidXJsIjoiaHR0cHM6XC9cL2NvbmdyZXNvZmVuYXZpLmNvbVwvd3AtY29udGVudFwvdXBsb2Fkc1wvMjAyNFwvMTFcL0RTQzA0OTg0LXNjYWxlZC53ZWJwIiwic2xpZGVzaG93IjoiZDdmNzhiOSJ9\" href='https:\/\/congresofenavi.com\/wp-content\/uploads\/2024\/11\/DSC04984-scaled.webp'><img loading=\"lazy\" decoding=\"async\" width=\"300\" height=\"200\" src=\"https:\/\/congresofenavi.com\/wp-content\/uploads\/2024\/11\/DSC04984-300x200.webp\" class=\"attachment-medium size-medium\" alt=\"\" srcset=\"https:\/\/congresofenavi.com\/wp-content\/uploads\/2024\/11\/DSC04984-300x200.webp 300w, https:\/\/congresofenavi.com\/wp-content\/uploads\/2024\/11\/DSC04984-1024x683.webp 1024w, https:\/\/congresofenavi.com\/wp-content\/uploads\/2024\/11\/DSC04984-768x512.webp 768w, https:\/\/congresofenavi.com\/wp-content\/uploads\/2024\/11\/DSC04984-1536x1024.webp 1536w, https:\/\/congresofenavi.com\/wp-content\/uploads\/2024\/11\/DSC04984-2048x1365.webp 2048w, https:\/\/congresofenavi.com\/wp-content\/uploads\/2024\/11\/DSC04984-18x12.webp 18w\" sizes=\"(max-width: 300px) 100vw, 300px\" \/><\/a>\n\t\t\t<\/div><\/figure><figure class='gallery-item'>\n\t\t\t<div class='gallery-icon landscape'>\n\t\t\t\t<a data-elementor-open-lightbox=\"yes\" data-elementor-lightbox-slideshow=\"d7f78b9\" data-elementor-lightbox-title=\"DSC04982\" data-e-action-hash=\"#elementor-action%3Aaction%3Dlightbox%26settings%3DeyJpZCI6MjUxMiwidXJsIjoiaHR0cHM6XC9cL2NvbmdyZXNvZmVuYXZpLmNvbVwvd3AtY29udGVudFwvdXBsb2Fkc1wvMjAyNFwvMTFcL0RTQzA0OTgyLXNjYWxlZC53ZWJwIiwic2xpZGVzaG93IjoiZDdmNzhiOSJ9\" href='https:\/\/congresofenavi.com\/wp-content\/uploads\/2024\/11\/DSC04982-scaled.webp'><img loading=\"lazy\" decoding=\"async\" width=\"300\" height=\"200\" src=\"https:\/\/congresofenavi.com\/wp-content\/uploads\/2024\/11\/DSC04982-300x200.webp\" class=\"attachment-medium size-medium\" alt=\"\" srcset=\"https:\/\/congresofenavi.com\/wp-content\/uploads\/2024\/11\/DSC04982-300x200.webp 300w, https:\/\/congresofenavi.com\/wp-content\/uploads\/2024\/11\/DSC04982-1024x683.webp 1024w, https:\/\/congresofenavi.com\/wp-content\/uploads\/2024\/11\/DSC04982-768x512.webp 768w, https:\/\/congresofenavi.com\/wp-content\/uploads\/2024\/11\/DSC04982-1536x1024.webp 1536w, https:\/\/congresofenavi.com\/wp-content\/uploads\/2024\/11\/DSC04982-2048x1365.webp 2048w, https:\/\/congresofenavi.com\/wp-content\/uploads\/2024\/11\/DSC04982-18x12.webp 18w\" sizes=\"(max-width: 300px) 100vw, 300px\" \/><\/a>\n\t\t\t<\/div><\/figure><figure class='gallery-item'>\n\t\t\t<div class='gallery-icon landscape'>\n\t\t\t\t<a data-elementor-open-lightbox=\"yes\" data-elementor-lightbox-slideshow=\"d7f78b9\" data-elementor-lightbox-title=\"DSC04983\" data-e-action-hash=\"#elementor-action%3Aaction%3Dlightbox%26settings%3DeyJpZCI6MjUxMSwidXJsIjoiaHR0cHM6XC9cL2NvbmdyZXNvZmVuYXZpLmNvbVwvd3AtY29udGVudFwvdXBsb2Fkc1wvMjAyNFwvMTFcL0RTQzA0OTgzLXNjYWxlZC53ZWJwIiwic2xpZGVzaG93IjoiZDdmNzhiOSJ9\" href='https:\/\/congresofenavi.com\/wp-content\/uploads\/2024\/11\/DSC04983-scaled.webp'><img loading=\"lazy\" decoding=\"async\" width=\"300\" height=\"200\" src=\"https:\/\/congresofenavi.com\/wp-content\/uploads\/2024\/11\/DSC04983-300x200.webp\" class=\"attachment-medium size-medium\" alt=\"\" srcset=\"https:\/\/congresofenavi.com\/wp-content\/uploads\/2024\/11\/DSC04983-300x200.webp 300w, https:\/\/congresofenavi.com\/wp-content\/uploads\/2024\/11\/DSC04983-1024x683.webp 1024w, https:\/\/congresofenavi.com\/wp-content\/uploads\/2024\/11\/DSC04983-768x512.webp 768w, https:\/\/congresofenavi.com\/wp-content\/uploads\/2024\/11\/DSC04983-1536x1024.webp 1536w, https:\/\/congresofenavi.com\/wp-content\/uploads\/2024\/11\/DSC04983-2048x1365.webp 2048w, https:\/\/congresofenavi.com\/wp-content\/uploads\/2024\/11\/DSC04983-18x12.webp 18w\" sizes=\"(max-width: 300px) 100vw, 300px\" \/><\/a>\n\t\t\t<\/div><\/figure><figure class='gallery-item'>\n\t\t\t<div class='gallery-icon landscape'>\n\t\t\t\t<a data-elementor-open-lightbox=\"yes\" data-elementor-lightbox-slideshow=\"d7f78b9\" data-elementor-lightbox-title=\"DSC04999\" data-e-action-hash=\"#elementor-action%3Aaction%3Dlightbox%26settings%3DeyJpZCI6MjUxNiwidXJsIjoiaHR0cHM6XC9cL2NvbmdyZXNvZmVuYXZpLmNvbVwvd3AtY29udGVudFwvdXBsb2Fkc1wvMjAyNFwvMTFcL0RTQzA0OTk5LXNjYWxlZC53ZWJwIiwic2xpZGVzaG93IjoiZDdmNzhiOSJ9\" href='https:\/\/congresofenavi.com\/wp-content\/uploads\/2024\/11\/DSC04999-scaled.webp'><img loading=\"lazy\" decoding=\"async\" width=\"300\" height=\"200\" src=\"https:\/\/congresofenavi.com\/wp-content\/uploads\/2024\/11\/DSC04999-300x200.webp\" class=\"attachment-medium size-medium\" alt=\"\" srcset=\"https:\/\/congresofenavi.com\/wp-content\/uploads\/2024\/11\/DSC04999-300x200.webp 300w, https:\/\/congresofenavi.com\/wp-content\/uploads\/2024\/11\/DSC04999-1024x683.webp 1024w, https:\/\/congresofenavi.com\/wp-content\/uploads\/2024\/11\/DSC04999-768x512.webp 768w, https:\/\/congresofenavi.com\/wp-content\/uploads\/2024\/11\/DSC04999-1536x1024.webp 1536w, https:\/\/congresofenavi.com\/wp-content\/uploads\/2024\/11\/DSC04999-2048x1365.webp 2048w, https:\/\/congresofenavi.com\/wp-content\/uploads\/2024\/11\/DSC04999-18x12.webp 18w\" sizes=\"(max-width: 300px) 100vw, 300px\" \/><\/a>\n\t\t\t<\/div><\/figure><figure class='gallery-item'>\n\t\t\t<div class='gallery-icon landscape'>\n\t\t\t\t<a data-elementor-open-lightbox=\"yes\" data-elementor-lightbox-slideshow=\"d7f78b9\" data-elementor-lightbox-title=\"DSC05003\" data-e-action-hash=\"#elementor-action%3Aaction%3Dlightbox%26settings%3DeyJpZCI6MjUxNywidXJsIjoiaHR0cHM6XC9cL2NvbmdyZXNvZmVuYXZpLmNvbVwvd3AtY29udGVudFwvdXBsb2Fkc1wvMjAyNFwvMTFcL0RTQzA1MDAzLXNjYWxlZC53ZWJwIiwic2xpZGVzaG93IjoiZDdmNzhiOSJ9\" href='https:\/\/congresofenavi.com\/wp-content\/uploads\/2024\/11\/DSC05003-scaled.webp'><img loading=\"lazy\" decoding=\"async\" width=\"300\" height=\"200\" src=\"https:\/\/congresofenavi.com\/wp-content\/uploads\/2024\/11\/DSC05003-300x200.webp\" class=\"attachment-medium size-medium\" alt=\"\" srcset=\"https:\/\/congresofenavi.com\/wp-content\/uploads\/2024\/11\/DSC05003-300x200.webp 300w, https:\/\/congresofenavi.com\/wp-content\/uploads\/2024\/11\/DSC05003-1024x683.webp 1024w, https:\/\/congresofenavi.com\/wp-content\/uploads\/2024\/11\/DSC05003-768x512.webp 768w, https:\/\/congresofenavi.com\/wp-content\/uploads\/2024\/11\/DSC05003-1536x1024.webp 1536w, https:\/\/congresofenavi.com\/wp-content\/uploads\/2024\/11\/DSC05003-2048x1365.webp 2048w, https:\/\/congresofenavi.com\/wp-content\/uploads\/2024\/11\/DSC05003-18x12.webp 18w\" sizes=\"(max-width: 300px) 100vw, 300px\" \/><\/a>\n\t\t\t<\/div><\/figure>\n\t\t<\/div>\n\t\t<\/div>\n\t\t\t\t\t\t<\/div>\n\t\t\t\t<\/div>\n\t\t\t\t\t<\/div>\n\t\t<\/div>\n\t\t\t\t\t<\/div>\n\t\t<\/section>\n\t\t\t\t<\/div>","protected":false},"excerpt":{"rendered":"<p>Asistentes \u00bfPor qu\u00e9 asistir al Congreso Fenavi? El Congreso Fenavi llega a su vig\u00e9sima segunda edici\u00f3n convirti\u00e9ndose en un espacio tradicional en la agenda de eventos del mundo av\u00edcola y atrayendo a personas interesadas en la avicultura, proveedores de la industria, colaboradores de entidades gubernamentales, profesionales de la salud, periodistas e invitados internacionales. \u00a0 Esta [&hellip;]<\/p>","protected":false},"author":2,"featured_media":0,"parent":0,"menu_order":0,"comment_status":"closed","ping_status":"closed","template":"","meta":{"footnotes":""},"class_list":["post-2366","page","type-page","status-publish","hentry"],"_links":{"self":[{"href":"https:\/\/congresofenavi.com\/en\/wp-json\/wp\/v2\/pages\/2366","targetHints":{"allow":["GET"]}}],"collection":[{"href":"https:\/\/congresofenavi.com\/en\/wp-json\/wp\/v2\/pages"}],"about":[{"href":"https:\/\/congresofenavi.com\/en\/wp-json\/wp\/v2\/types\/page"}],"author":[{"embeddable":true,"href":"https:\/\/congresofenavi.com\/en\/wp-json\/wp\/v2\/users\/2"}],"replies":[{"embeddable":true,"href":"https:\/\/congresofenavi.com\/en\/wp-json\/wp\/v2\/comments?post=2366"}],"version-history":[{"count":40,"href":"https:\/\/congresofenavi.com\/en\/wp-json\/wp\/v2\/pages\/2366\/revisions"}],"predecessor-version":[{"id":2631,"href":"https:\/\/congresofenavi.com\/en\/wp-json\/wp\/v2\/pages\/2366\/revisions\/2631"}],"wp:attachment":[{"href":"https:\/\/congresofenavi.com\/en\/wp-json\/wp\/v2\/media?parent=2366"}],"curies":[{"name":"wp","href":"https:\/\/api.w.org\/{rel}","templated":true}]}}